{"id":45,"date":"2011-10-09T18:45:59","date_gmt":"2011-10-09T17:45:59","guid":{"rendered":"http:\/\/www.sp3yor.net\/?page_id=45"},"modified":"2019-02-21T16:52:16","modified_gmt":"2019-02-21T15:52:16","slug":"sr3px","status":"publish","type":"page","link":"https:\/\/www.sp3yor.net\/?page_id=45","title":{"rendered":"SR3PX &#8211; 70cm"},"content":{"rendered":"<p>Przemiennik 70cm w S\u0142omowie, w kt\u00f3rym sw\u00f3j udzia\u0142 maj\u0105 r\u00f3wnie\u017c nasi klubowicze.<\/p>\n<table>\n<tbody>\n<tr>\n<td><strong>RX<\/strong><\/td>\n<td><strong>TX<\/strong><\/td>\n<td><strong>Subton<\/strong><\/td>\n<td><strong>Lokator<\/strong><\/td>\n<\/tr>\n<tr>\n<td>438.900 MHz<\/td>\n<td>431.300 MHz<\/td>\n<td>110.9 Hz<\/td>\n<td>JO82LQ<\/td>\n<\/tr>\n<\/tbody>\n<\/table>\n<hr \/>\n<p><strong>Aktualna konfiguracja<\/strong><\/p>\n<table>\n<tbody>\n<tr>\n<td><strong>Odbiornik<\/strong><\/td>\n<td>Motorola MCS2000 &#8211; czu\u0142o\u015b\u0107 0,34uV @ SINAD 20<\/td>\n<\/tr>\n<tr>\n<td><strong>Nadajnik<\/strong><\/td>\n<td>Motorola GM1280<\/td>\n<\/tr>\n<tr>\n<td><strong>Sterownik<\/strong><\/td>\n<td>Sterownik wg. SQ3FYK<\/td>\n<\/tr>\n<tr>\n<td><strong>Moc<\/strong><\/td>\n<td>10 W<br \/>\n<em>mierzone za duplekserem<\/em><\/td>\n<\/tr>\n<tr>\n<td><strong>Duplekser<\/strong><\/td>\n<td>6-komorowy SGQ-450D &#8211; separacja ok. 90dB<\/td>\n<\/tr>\n<tr>\n<td><strong>Antena<\/strong><\/td>\n<td>X-300 5&#215;5\/8l -zysk 9dBi<br \/>\nzamontowana 75m nad ziemi\u0105 (ok. 195m n.p.m.)<\/td>\n<\/tr>\n<tr>\n<td><strong>Kabel<\/strong><\/td>\n<td>1 i 1\/4&#8243; Andrew<\/td>\n<\/tr>\n<tr>\n<td><strong>Zasilanie<\/strong><\/td>\n<td>Zasilacz impulsowy 12 V oraz UPS<\/td>\n<\/tr>\n<\/tbody>\n<\/table>\n<hr \/>\n<p><strong> Operatorzy odpowiedzialni <\/strong><\/p>\n<ul>\n<li>SP3XBS &#8211; Bartosz<\/li>\n<\/ul>\n<p>Pozwolenie kat. 5  wa\u017cne do <\/p>\n<hr \/>\n<p><strong>Historia<\/strong><\/p>\n<p>Przemiennik zosta\u0142 uruchomiony w listopadzie 2010r dzi\u0119ki Kolegom SP3XBS, SP3OKE, SQ3XBG, SQ3FYK, SQ3LVJ, SP3IYM.<\/p>\n<hr \/>\n<p><strong>Media<\/strong><br \/>\nngg_shortcode_0_placeholder<\/p>\n","protected":false},"excerpt":{"rendered":"<p>Przemiennik 70cm w S\u0142omowie, w kt\u00f3rym sw\u00f3j udzia\u0142 maj\u0105 r\u00f3wnie\u017c nasi klubowicze. RX TX Subton Lokator 438.900 MHz 431.300 MHz 110.9 Hz JO82LQ Aktualna konfiguracja Odbiornik Motorola MCS2000 &#8211; czu\u0142o\u015b\u0107 0,34uV @ SINAD 20 Nadajnik Motorola GM1280 Sterownik Sterownik wg. &hellip; <a href=\"https:\/\/www.sp3yor.net\/?page_id=45\">Czytaj dalej <span class=\"meta-nav\">&rarr;<\/span><\/a><\/p>\n","protected":false},"author":1,"featured_media":0,"parent":117,"menu_order":2,"comment_status":"closed","ping_status":"open","template":"","meta":{"ngg_post_thumbnail":0,"footnotes":""},"class_list":["post-45","page","type-page","status-publish","hentry"],"_links":{"self":[{"href":"https:\/\/www.sp3yor.net\/index.php?rest_route=\/wp\/v2\/pages\/45","targetHints":{"allow":["GET"]}}],"collection":[{"href":"https:\/\/www.sp3yor.net\/index.php?rest_route=\/wp\/v2\/pages"}],"about":[{"href":"https:\/\/www.sp3yor.net\/index.php?rest_route=\/wp\/v2\/types\/page"}],"author":[{"embeddable":true,"href":"https:\/\/www.sp3yor.net\/index.php?rest_route=\/wp\/v2\/users\/1"}],"replies":[{"embeddable":true,"href":"https:\/\/www.sp3yor.net\/index.php?rest_route=%2Fwp%2Fv2%2Fcomments&post=45"}],"version-history":[{"count":12,"href":"https:\/\/www.sp3yor.net\/index.php?rest_route=\/wp\/v2\/pages\/45\/revisions"}],"predecessor-version":[{"id":760,"href":"https:\/\/www.sp3yor.net\/index.php?rest_route=\/wp\/v2\/pages\/45\/revisions\/760"}],"up":[{"embeddable":true,"href":"https:\/\/www.sp3yor.net\/index.php?rest_route=\/wp\/v2\/pages\/117"}],"wp:attachment":[{"href":"https:\/\/www.sp3yor.net\/index.php?rest_route=%2Fwp%2Fv2%2Fmedia&parent=45"}],"curies":[{"name":"wp","href":"https:\/\/api.w.org\/{rel}","templated":true}]}}