{"id":373,"date":"2014-05-27T08:53:26","date_gmt":"2014-05-27T07:53:26","guid":{"rendered":"http:\/\/www.sp3yor.net\/?page_id=373"},"modified":"2024-03-11T07:43:03","modified_gmt":"2024-03-11T06:43:03","slug":"sr3vhx-bikon-2m","status":"publish","type":"page","link":"https:\/\/www.sp3yor.net\/?page_id=373","title":{"rendered":"SR3VHX &#8211; bikon 2m"},"content":{"rendered":"<hr>\n<h1>SR3VHX JO82KL 144.481MHz Pozna\u0144 &#8211; Pi\u0105tkowo<\/h1>\n<h2><span style=\"color: #ff6600;\"><strong><span style=\"color: #ff0000;\">SR3VHX jest QRT (konserwacja) &#8211; stan na 12.2022<\/span><\/strong><\/span><\/h2>\n<p><strong>Nasi klubowicze stworzyli bikon na pasmo 2m, oto jego parametry:<\/strong><\/p>\n<table>\n<tbody>\n<tr>\n<td><strong>TX<\/strong><\/td>\n<td width=\"150\"><strong>Lokator<\/strong><\/td>\n<td><strong>Wysoko\u015b\u0107<\/strong><\/td>\n<\/tr>\n<tr>\n<td>144.481 MHz<\/td>\n<td>JO82KL<\/td>\n<td>105m n.p.m. + 70m n.p.t. (wcze\u015bniej 90m)<\/td>\n<\/tr>\n<tr>\n<td><strong>Najdalej s\u0142yszalny:<\/strong><\/td>\n<td>F6KHM IN78<br \/>\nMI0JLC IO64<br \/>\nF6DBI IN88<br \/>\nG4RRA IO80<br \/>\nSV8PEX JM99<br \/>\nGW7AAV IO83<\/td>\n<td>1581km (ES)<br \/>\n1531 km (ES)<br \/>\n1497km (TR)<br \/>\n1444 km (TR)<br \/>\n1435km (ES)<br \/>\n1340km (TR)<\/td>\n<\/tr>\n<\/tbody>\n<\/table>\n<hr>\n<p><strong>Aktualna konfiguracja &#8211; mk. V (2017\/2018)<\/strong><\/p>\n<table>\n<tbody>\n<tr>\n<td><strong>Nadajnik<\/strong><\/td>\n<td>OCXO DF9LN 144.481 (SQ3FYK)<br \/>\n+ driver &amp; PA Mitsubishi M57719N (SP7TEE)<\/td>\n<\/tr>\n<tr>\n<td><strong>Sterownik <\/strong><\/td>\n<td>keyer + <s>termometr<\/s> + sterowanie po GSM900\/1800 (SQ3FYK)<\/td>\n<\/tr>\n<tr>\n<td><strong>Moc wyj\u015bciowa<\/strong><\/td>\n<td>6 W<br \/>\n(A1A CW &#8211; regulowana moc 100mW ~ 17W )<\/td>\n<\/tr>\n<tr>\n<td><strong>Antena<\/strong><\/td>\n<td>4x 2el<br \/>\n4 kierunki (dook\u00f3lnie)<\/td>\n<\/tr>\n<tr>\n<td><strong>Kabel<\/strong><\/td>\n<td>Suhner 4x 20m d\u0142ugo\u015bci<\/td>\n<\/tr>\n<tr>\n<td><strong>Zasilanie<\/strong><\/td>\n<td>Zasilacz impulsowy 12,6 V<\/td>\n<\/tr>\n<\/tbody>\n<\/table>\n<hr>\n<p><strong> Operatorzy odpowiedzialni <\/strong><\/p>\n<ul>\n<li>SO3Z Andrzej<\/li>\n<li>SP3VSS Artur<\/li>\n<\/ul>\n<p><a title=\"Galeria\" href=\"https:\/\/goo.gl\/photos\/C8ZJdUJgdMUCR1t88\" target=\"_blank\" rel=\"noopener noreferrer\">Galeria<\/a><\/p>\n<p><a class=\"hoverZoomLink\" href=\"https:\/\/www.sp3yor.net\/wp-content\/uploads\/2020\/05\/SR3VHX.jpg\"><img loading=\"lazy\" decoding=\"async\" class=\"alignnone size-large wp-image-853 hoverZoomLink\" src=\"https:\/\/www.sp3yor.net\/wp-content\/uploads\/2020\/05\/SR3VHX-1024x991.jpg\" alt=\"\" width=\"640\" height=\"619\" srcset=\"https:\/\/www.sp3yor.net\/wp-content\/uploads\/2020\/05\/SR3VHX-1024x991.jpg 1024w, https:\/\/www.sp3yor.net\/wp-content\/uploads\/2020\/05\/SR3VHX-300x290.jpg 300w, https:\/\/www.sp3yor.net\/wp-content\/uploads\/2020\/05\/SR3VHX-768x743.jpg 768w, https:\/\/www.sp3yor.net\/wp-content\/uploads\/2020\/05\/SR3VHX.jpg 1455w\" sizes=\"auto, (max-width: 640px) 100vw, 640px\" \/><\/a><\/p>\n<p><iframe loading=\"lazy\" src=\"https:\/\/www.youtube-nocookie.com\/embed\/AgqKeAt_yy0\" width=\"560\" height=\"315\" frameborder=\"0\" allowfullscreen=\"allowfullscreen\"><\/iframe><\/p>\n<div id=\"attachment_673\" style=\"width: 650px\" class=\"wp-caption alignnone\"><a class=\"hoverZoomLink\" href=\"http:\/\/www.sp3yor.net\/wp-content\/uploads\/2014\/05\/144481.jpg\"><img loading=\"lazy\" decoding=\"async\" aria-describedby=\"caption-attachment-673\" class=\"size-large wp-image-673 hoverZoomLink\" src=\"http:\/\/www.sp3yor.net\/wp-content\/uploads\/2014\/05\/144481-768x1024.jpg\" alt=\"144.481 OMIG\" width=\"640\" height=\"853\" srcset=\"https:\/\/www.sp3yor.net\/wp-content\/uploads\/2014\/05\/144481-768x1024.jpg 768w, https:\/\/www.sp3yor.net\/wp-content\/uploads\/2014\/05\/144481-225x300.jpg 225w, https:\/\/www.sp3yor.net\/wp-content\/uploads\/2014\/05\/144481.jpg 1200w\" sizes=\"auto, (max-width: 640px) 100vw, 640px\" \/><\/a><p id=\"caption-attachment-673\" class=\"wp-caption-text\">144.481 OMIG Crystal<\/p><\/div>\n<div id=\"attachment_674\" style=\"width: 510px\" class=\"wp-caption alignnone\"><a href=\"http:\/\/www.sp3yor.net\/wp-content\/uploads\/2014\/05\/P7140003.jpg\"><img loading=\"lazy\" decoding=\"async\" aria-describedby=\"caption-attachment-674\" class=\"size-full wp-image-674\" src=\"http:\/\/www.sp3yor.net\/wp-content\/uploads\/2014\/05\/P7140003.jpg\" alt=\"OCXO DF9LN 144.481\" width=\"500\" height=\"375\" srcset=\"https:\/\/www.sp3yor.net\/wp-content\/uploads\/2014\/05\/P7140003.jpg 500w, https:\/\/www.sp3yor.net\/wp-content\/uploads\/2014\/05\/P7140003-300x225.jpg 300w\" sizes=\"auto, (max-width: 500px) 100vw, 500px\" \/><\/a><p id=\"caption-attachment-674\" class=\"wp-caption-text\">OCXO SR3VHX (<a href=\"http:\/\/www.dl6nci.de\/ocxo.htm\">DF9LN<\/a>)<\/p><\/div>\n<div id=\"attachment_675\" style=\"width: 810px\" class=\"wp-caption alignnone\"><a href=\"http:\/\/www.sp3yor.net\/wp-content\/uploads\/2014\/05\/OCXO.jpg\"><img loading=\"lazy\" decoding=\"async\" aria-describedby=\"caption-attachment-675\" class=\"size-full wp-image-675\" src=\"http:\/\/www.sp3yor.net\/wp-content\/uploads\/2014\/05\/OCXO.jpg\" alt=\"OCXO DF9LN 144.481\" width=\"800\" height=\"600\" srcset=\"https:\/\/www.sp3yor.net\/wp-content\/uploads\/2014\/05\/OCXO.jpg 800w, https:\/\/www.sp3yor.net\/wp-content\/uploads\/2014\/05\/OCXO-300x225.jpg 300w, https:\/\/www.sp3yor.net\/wp-content\/uploads\/2014\/05\/OCXO-768x576.jpg 768w\" sizes=\"auto, (max-width: 800px) 100vw, 800px\" \/><\/a><p id=\"caption-attachment-675\" class=\"wp-caption-text\">OCXO case<\/p><\/div>\n<div id=\"attachment_682\" style=\"width: 650px\" class=\"wp-caption alignnone\"><a class=\"hoverZoomLink\" href=\"http:\/\/www.sp3yor.net\/wp-content\/uploads\/2014\/05\/20171117_145743.jpg\"><img loading=\"lazy\" decoding=\"async\" aria-describedby=\"caption-attachment-682\" class=\"size-large wp-image-682 hoverZoomLink\" src=\"http:\/\/www.sp3yor.net\/wp-content\/uploads\/2014\/05\/20171117_145743-771x1024.jpg\" alt=\"OCXO DF9LN 144.481\" width=\"640\" height=\"850\" srcset=\"https:\/\/www.sp3yor.net\/wp-content\/uploads\/2014\/05\/20171117_145743-771x1024.jpg 771w, https:\/\/www.sp3yor.net\/wp-content\/uploads\/2014\/05\/20171117_145743-226x300.jpg 226w, https:\/\/www.sp3yor.net\/wp-content\/uploads\/2014\/05\/20171117_145743-768x1019.jpg 768w\" sizes=\"auto, (max-width: 640px) 100vw, 640px\" \/><\/a><p id=\"caption-attachment-682\" class=\"wp-caption-text\">OCXO (<a href=\"http:\/\/www.dl6nci.de\/ocxo.htm\">DF9LN<\/a>)<\/p><\/div>\n<div id=\"attachment_683\" style=\"width: 650px\" class=\"wp-caption alignnone\"><a class=\"hoverZoomLink\" href=\"http:\/\/www.sp3yor.net\/wp-content\/uploads\/2014\/05\/20171117_145516.jpg\"><img loading=\"lazy\" decoding=\"async\" aria-describedby=\"caption-attachment-683\" class=\"size-large wp-image-683 hoverZoomLink\" src=\"http:\/\/www.sp3yor.net\/wp-content\/uploads\/2014\/05\/20171117_145516-1024x923.jpg\" alt=\"OCXO DF9LN 144.481\" width=\"640\" height=\"577\" srcset=\"https:\/\/www.sp3yor.net\/wp-content\/uploads\/2014\/05\/20171117_145516-1024x923.jpg 1024w, https:\/\/www.sp3yor.net\/wp-content\/uploads\/2014\/05\/20171117_145516-300x270.jpg 300w, https:\/\/www.sp3yor.net\/wp-content\/uploads\/2014\/05\/20171117_145516-768x692.jpg 768w\" sizes=\"auto, (max-width: 640px) 100vw, 640px\" \/><\/a><p id=\"caption-attachment-683\" class=\"wp-caption-text\">OCXO (<a href=\"http:\/\/www.dl6nci.de\/ocxo.htm\">DF9LN<\/a>)<\/p><\/div>\n<div id=\"attachment_684\" style=\"width: 310px\" class=\"wp-caption alignnone\"><a class=\"hoverZoomLink\" href=\"http:\/\/www.sp3yor.net\/wp-content\/uploads\/2014\/05\/20171118_163935.jpg\"><img loading=\"lazy\" decoding=\"async\" aria-describedby=\"caption-attachment-684\" class=\"size-medium wp-image-684 hoverZoomLink\" src=\"http:\/\/www.sp3yor.net\/wp-content\/uploads\/2014\/05\/20171118_163935-300x139.jpg\" alt=\"driver with adjustable attenuator\" width=\"300\" height=\"139\" srcset=\"https:\/\/www.sp3yor.net\/wp-content\/uploads\/2014\/05\/20171118_163935-300x139.jpg 300w, https:\/\/www.sp3yor.net\/wp-content\/uploads\/2014\/05\/20171118_163935-768x357.jpg 768w, https:\/\/www.sp3yor.net\/wp-content\/uploads\/2014\/05\/20171118_163935.jpg 902w\" sizes=\"auto, (max-width: 300px) 100vw, 300px\" \/><\/a><p id=\"caption-attachment-684\" class=\"wp-caption-text\">driver with adjustable attenuator<\/p><\/div>\n<div id=\"attachment_685\" style=\"width: 650px\" class=\"wp-caption alignnone\"><a class=\"hoverZoomLink\" href=\"http:\/\/www.sp3yor.net\/wp-content\/uploads\/2014\/05\/20171117_132307.jpg\"><img loading=\"lazy\" decoding=\"async\" aria-describedby=\"caption-attachment-685\" class=\"size-large wp-image-685 hoverZoomLink\" src=\"http:\/\/www.sp3yor.net\/wp-content\/uploads\/2014\/05\/20171117_132307-1024x576.jpg\" alt=\"2U 19&quot; rack case from old trunking repeater\" width=\"640\" height=\"360\" srcset=\"https:\/\/www.sp3yor.net\/wp-content\/uploads\/2014\/05\/20171117_132307-1024x576.jpg 1024w, https:\/\/www.sp3yor.net\/wp-content\/uploads\/2014\/05\/20171117_132307-300x169.jpg 300w, https:\/\/www.sp3yor.net\/wp-content\/uploads\/2014\/05\/20171117_132307-768x432.jpg 768w, https:\/\/www.sp3yor.net\/wp-content\/uploads\/2014\/05\/20171117_132307.jpg 1040w\" sizes=\"auto, (max-width: 640px) 100vw, 640px\" \/><\/a><p id=\"caption-attachment-685\" class=\"wp-caption-text\">2U 19&#8243; rack case from old trunking repeater<\/p><\/div>\n<div id=\"attachment_686\" style=\"width: 650px\" class=\"wp-caption alignnone\"><a class=\"hoverZoomLink\" href=\"http:\/\/www.sp3yor.net\/wp-content\/uploads\/2014\/05\/20171222_234958.jpg\"><img loading=\"lazy\" decoding=\"async\" aria-describedby=\"caption-attachment-686\" class=\"size-large wp-image-686 hoverZoomLink\" src=\"http:\/\/www.sp3yor.net\/wp-content\/uploads\/2014\/05\/20171222_234958-1024x542.jpg\" alt=\"almost ready\" width=\"640\" height=\"339\" srcset=\"https:\/\/www.sp3yor.net\/wp-content\/uploads\/2014\/05\/20171222_234958-1024x542.jpg 1024w, https:\/\/www.sp3yor.net\/wp-content\/uploads\/2014\/05\/20171222_234958-300x159.jpg 300w, https:\/\/www.sp3yor.net\/wp-content\/uploads\/2014\/05\/20171222_234958-768x406.jpg 768w, https:\/\/www.sp3yor.net\/wp-content\/uploads\/2014\/05\/20171222_234958.jpg 1913w\" sizes=\"auto, (max-width: 640px) 100vw, 640px\" \/><\/a><p id=\"caption-attachment-686\" class=\"wp-caption-text\">almost ready<\/p><\/div>\n<hr>\n<p>Bikon zosta\u0142 uruchomiony dnia 5.06.2008r z ni\u017cszej wie\u017cy Emitela na obiekcie SLR Pozna\u0144 &#8211; Pi\u0105tkowo na pojedynczej antenie. Pierwsza konstrukcja by\u0142a dzie\u0142em Kolegi SP3OTS, oraz SQ3FYK &#8211; na pocz\u0105tku bikon pracowa\u0142 na pionowej antenie, nast\u0119pnie na 3el DK7ZB na zach\u00f3d. Od tego momentu sporo si\u0119 zmieni\u0142o. Obecny nadajnik to ju\u017c trzecia wersja i przeniesiony zosta\u0142 na now\u0105 stalow\u0105 wy\u017csz\u0105 wie\u017c\u0119. Konstruktorem jest Krzysztof SQ3FYK, kt\u00f3ry w\u0142o\u017cy\u0142 wiele pracy i pieni\u0119dzy by urz\u0105dzenie dzia\u0142a\u0142o z tak doskona\u0142ym skutkiem. Andrzej SP3IYM wykona\u0142 dwie anteny wg. DK7ZB 3el Yagi niskoimpedancyjne o szerokiej wi\u0105zce w horyzoncie i niskim t\u0142umieniu prz\u00f3d\/ty\u0142. Andrzej zakupi\u0142 r\u00f3wnie\u017c splitter antenowy. No i niemo\u017cna zapomnie\u0107 o Arturze SP3VSS dzi\u0119ki, kt\u00f3remu bikon ma lokalizacj\u0119 z kt\u00f3rej na co dzie\u0144 bikon odbierany jest w promieniu 250km mimo ma\u0142ej mocy wyj\u015bciowej &#8211; oko\u0142o 3W. Wi\u0119cej na zdj\u0119ciach.<\/p>\n<hr>\n","protected":false},"excerpt":{"rendered":"<p>SR3VHX JO82KL 144.481MHz Pozna\u0144 &#8211; Pi\u0105tkowo SR3VHX jest QRT (konserwacja) &#8211; stan na 12.2022 Nasi klubowicze stworzyli bikon na pasmo 2m, oto jego parametry: TX Lokator Wysoko\u015b\u0107 144.481 MHz JO82KL 105m n.p.m. + 70m n.p.t. (wcze\u015bniej 90m) Najdalej s\u0142yszalny: F6KHM &hellip; <a href=\"https:\/\/www.sp3yor.net\/?page_id=373\">Czytaj dalej <span class=\"meta-nav\">&rarr;<\/span><\/a><\/p>\n","protected":false},"author":1,"featured_media":0,"parent":117,"menu_order":4,"comment_status":"closed","ping_status":"closed","template":"","meta":{"ngg_post_thumbnail":0,"footnotes":""},"class_list":["post-373","page","type-page","status-publish","hentry"],"_links":{"self":[{"href":"https:\/\/www.sp3yor.net\/index.php?rest_route=\/wp\/v2\/pages\/373","targetHints":{"allow":["GET"]}}],"collection":[{"href":"https:\/\/www.sp3yor.net\/index.php?rest_route=\/wp\/v2\/pages"}],"about":[{"href":"https:\/\/www.sp3yor.net\/index.php?rest_route=\/wp\/v2\/types\/page"}],"author":[{"embeddable":true,"href":"https:\/\/www.sp3yor.net\/index.php?rest_route=\/wp\/v2\/users\/1"}],"replies":[{"embeddable":true,"href":"https:\/\/www.sp3yor.net\/index.php?rest_route=%2Fwp%2Fv2%2Fcomments&post=373"}],"version-history":[{"count":43,"href":"https:\/\/www.sp3yor.net\/index.php?rest_route=\/wp\/v2\/pages\/373\/revisions"}],"predecessor-version":[{"id":1763,"href":"https:\/\/www.sp3yor.net\/index.php?rest_route=\/wp\/v2\/pages\/373\/revisions\/1763"}],"up":[{"embeddable":true,"href":"https:\/\/www.sp3yor.net\/index.php?rest_route=\/wp\/v2\/pages\/117"}],"wp:attachment":[{"href":"https:\/\/www.sp3yor.net\/index.php?rest_route=%2Fwp%2Fv2%2Fmedia&parent=373"}],"curies":[{"name":"wp","href":"https:\/\/api.w.org\/{rel}","templated":true}]}}