{"id":362,"date":"2014-05-27T08:31:11","date_gmt":"2014-05-27T07:31:11","guid":{"rendered":"http:\/\/www.sp3yor.net\/?page_id=362"},"modified":"2020-05-24T00:14:27","modified_gmt":"2020-05-23T23:14:27","slug":"sr3lhy-bikon-23cm","status":"publish","type":"page","link":"https:\/\/www.sp3yor.net\/?page_id=362","title":{"rendered":"SR3YOR &#8211; bikon 23cm"},"content":{"rendered":"<hr \/>\n<p>Wypisy z DXClustra:<\/p>\n<hr \/>\n<h1>SR3YOR JO82LJ 1296,970MHz Pozna\u0144<br \/>\nex. SR3LHY<\/h1>\n<table>\n<tbody>\n<tr>\n<td><strong>TX<\/strong><\/td>\n<td><strong>Lokator<\/strong><\/td>\n<td><strong>Wysoko\u015b\u0107<\/strong><\/td>\n<\/tr>\n<tr>\n<td>1296,970 MHz<\/td>\n<td>JO82LJ<\/td>\n<td>80m n.p.m + 40m n.p.t.<\/td>\n<\/tr>\n<tr>\n<td><strong>Najdalej s\u0142yszalny:<\/strong><\/td>\n<td>SK0EN JO99JX (TR)<br \/>\nEW6FS KO35LB (TR)<br \/>\nOZ9PP JO47VA (TR)<br \/>\nSM7GVF JO77GA (TR)<\/td>\n<td>852km<br \/>\n721km<br \/>\n690km<br \/>\n538km<\/td>\n<\/tr>\n<\/tbody>\n<\/table>\n<hr \/>\n<p><strong>Aktualna konfiguracja<\/strong><\/p>\n<table>\n<tbody>\n<tr>\n<td><strong>Nadajnik<\/strong><\/td>\n<td>OCXO + driver + ko\u0144c\u00f3wka mocy<\/td>\n<\/tr>\n<tr>\n<td><strong>Sterownik <\/strong><\/td>\n<td>sterownik wyk. SQ3FYK<\/td>\n<\/tr>\n<tr>\n<td><strong>Moc wyj\u015bciowa<\/strong><\/td>\n<td>10 W<\/td>\n<\/tr>\n<tr>\n<td><strong>Antena<\/strong><\/td>\n<td>Alfrod Slot pozioma dook\u00f3lna 2dBi (SP5MX, SP4ELF)<\/td>\n<\/tr>\n<tr>\n<td><strong>Kabel<\/strong><\/td>\n<td>50cm RG-393<\/td>\n<\/tr>\n<tr>\n<td><strong>Zasilanie<\/strong><\/td>\n<td>Zasilacz impulsowy 12 V<\/td>\n<\/tr>\n<\/tbody>\n<\/table>\n<hr \/>\n<p><strong> Operatorzy odpowiedzialni <\/strong><\/p>\n<ul>\n<li>Andrzej SO3Z<\/li>\n<\/ul>\n<p><a title=\"Galeria\" href=\"https:\/\/picasaweb.google.com\/103529879792333468916\/SR3LHYJO82LJ1296970MHz\" target=\"_blank\" rel=\"noopener noreferrer\">Galeria<\/a><br \/>\nPozwolenie nr\u00a0 kat. 5 wa\u017cne do<\/p>\n<p><a href=\"https:\/\/www.sp3yor.net\/wp-content\/uploads\/2020\/05\/SR3LHY.jpg\"><img loading=\"lazy\" decoding=\"async\" class=\"alignnone size-large wp-image-855\" src=\"https:\/\/www.sp3yor.net\/wp-content\/uploads\/2020\/05\/SR3LHY-1024x875.jpg\" alt=\"\" width=\"640\" height=\"547\" srcset=\"https:\/\/www.sp3yor.net\/wp-content\/uploads\/2020\/05\/SR3LHY-1024x875.jpg 1024w, https:\/\/www.sp3yor.net\/wp-content\/uploads\/2020\/05\/SR3LHY-300x256.jpg 300w, https:\/\/www.sp3yor.net\/wp-content\/uploads\/2020\/05\/SR3LHY-768x656.jpg 768w, https:\/\/www.sp3yor.net\/wp-content\/uploads\/2020\/05\/SR3LHY.jpg 1105w\" sizes=\"auto, (max-width: 640px) 100vw, 640px\" \/><\/a><br \/>\n<iframe loading=\"lazy\" src=\"http:\/\/widget.dxwatch.com\/widget\/widget1.php?s=Zmw9MSZwPTEmY2FsbHNpZ249c3IzbGh5KiZjYWxsdHlwZT1keCZmPTAmdz02MDAmcj0xNQ==\" width=\"600\" height=\"385\" frameborder=\"0\" scrolling=\"no\"> <\/iframe><\/p>\n<hr \/>\n<p>Bikon zosta\u0142 uruchomiony dnia 13 listopada 2011 roku i rozpocz\u0105\u0142 prac\u0119 ze znakiem SR3LHD, nast\u0119pnie SR3LHY. Pierwsza konstrukcja by\u0142a dzie\u0142em Koleg\u00f3w SQ3FYK, DJ6EP, SP3WYP. Obecny nadajnik to ju\u017c druga wersja &#8211; zmodernizowana dzi\u0119ki wsparciu PK-UKFu oraz Andrzeja SP8XXN, Tomka SP5XMU, Piotra SP5QAT. Sw\u00f3j udzia\u0142 w tym projekcie w r\u00f3\u017cny spos\u00f3b maj\u0105 nast\u0119puj\u0105cy Koledzy: SP5XMU, SP5QAT, SP8XXN, DJ6EP(SO3EP), SP3WYP (SK), SP4MPB, SP3LYU, SQ8AQX, SP3OKE, SP3JMZ (SK), SP3BEK, SP3DRT, SP3IYM, SQ3DHO.<br \/>\nPo zniszczeniu anteny Helix po huraganie, bikon by\u0142 wy\u0142\u0105czony, obecnie bikon pracuje z now\u0105 anten\u0105 Alfrod Slot powsta\u0142\u0105 dzi\u0119ki SP5XMU, SP5MX, SP4ELF, SQ2LX. Bikon niebawem zmieni znak na SR3YOR.<\/p>\n<hr \/>\n","protected":false},"excerpt":{"rendered":"<p>Wypisy z DXClustra: SR3YOR JO82LJ 1296,970MHz Pozna\u0144 ex. SR3LHY TX Lokator Wysoko\u015b\u0107 1296,970 MHz JO82LJ 80m n.p.m + 40m n.p.t. Najdalej s\u0142yszalny: SK0EN JO99JX (TR) EW6FS KO35LB (TR) OZ9PP JO47VA (TR) SM7GVF JO77GA (TR) 852km 721km 690km 538km Aktualna konfiguracja &hellip; <a href=\"https:\/\/www.sp3yor.net\/?page_id=362\">Czytaj dalej <span class=\"meta-nav\">&rarr;<\/span><\/a><\/p>\n","protected":false},"author":1,"featured_media":0,"parent":117,"menu_order":5,"comment_status":"closed","ping_status":"closed","template":"","meta":{"ngg_post_thumbnail":0,"footnotes":""},"class_list":["post-362","page","type-page","status-publish","hentry"],"_links":{"self":[{"href":"https:\/\/www.sp3yor.net\/index.php?rest_route=\/wp\/v2\/pages\/362","targetHints":{"allow":["GET"]}}],"collection":[{"href":"https:\/\/www.sp3yor.net\/index.php?rest_route=\/wp\/v2\/pages"}],"about":[{"href":"https:\/\/www.sp3yor.net\/index.php?rest_route=\/wp\/v2\/types\/page"}],"author":[{"embeddable":true,"href":"https:\/\/www.sp3yor.net\/index.php?rest_route=\/wp\/v2\/users\/1"}],"replies":[{"embeddable":true,"href":"https:\/\/www.sp3yor.net\/index.php?rest_route=%2Fwp%2Fv2%2Fcomments&post=362"}],"version-history":[{"count":25,"href":"https:\/\/www.sp3yor.net\/index.php?rest_route=\/wp\/v2\/pages\/362\/revisions"}],"predecessor-version":[{"id":856,"href":"https:\/\/www.sp3yor.net\/index.php?rest_route=\/wp\/v2\/pages\/362\/revisions\/856"}],"up":[{"embeddable":true,"href":"https:\/\/www.sp3yor.net\/index.php?rest_route=\/wp\/v2\/pages\/117"}],"wp:attachment":[{"href":"https:\/\/www.sp3yor.net\/index.php?rest_route=%2Fwp%2Fv2%2Fmedia&parent=362"}],"curies":[{"name":"wp","href":"https:\/\/api.w.org\/{rel}","templated":true}]}}