{"id":33,"date":"2011-10-08T17:38:09","date_gmt":"2011-10-08T16:38:09","guid":{"rendered":"http:\/\/www.sp3yor.net\/?page_id=33"},"modified":"2025-01-25T14:10:37","modified_gmt":"2025-01-25T13:10:37","slug":"o-klubie","status":"publish","type":"page","link":"https:\/\/www.sp3yor.net\/?page_id=33","title":{"rendered":"O klubie"},"content":{"rendered":"<p>Nasz klub po\u0142o\u017cony jest we wschodniej cz\u0119\u015bci Poznania na os. Rusa 135\/48.<br \/>\nLokator JO82LJ, wysoko\u015b\u0107 ok. 80m n.p.m. + 36m n.p.t.<br \/>\nPomieszczenia klubowe znajduj\u0105 si\u0119 na 10 pi\u0119trze, tu\u017c pod antenami.<\/p>\n<p><strong>Nasz sprz\u0119t:<\/strong><\/p>\n<ul>\n<li>70cm &amp; 2m FM: Alinco DR-605, Antena UVS-200<\/li>\n<li>2m:<\/li>\n<li>23cm: antena paraboliczna 2m + rotor RAK<\/li>\n<li>KF: Icom IC-7300<\/li>\n<li>vertical 10 metr\u00f3w (1\/4l na 7MHz)<\/li>\n<li><a href=\"http:\/\/sp3gem.smoczyk.pl\/index.php?option=com_content&amp;task=view&amp;id=77&amp;Itemid=6\">antena GB312<\/a> (20+15+10m) wg. SP3GEM+ rotor RAK<\/li>\n<\/ul>\n<p>Komputery z oprogramowaniem loguj\u0105cym i dost\u0119pem do Internetu.<\/p>\n<p><strong>Historia<\/strong><\/p>\n<p>Pomieszczenia aktualnie zajmowane przez nasz klub nale\u017ca\u0142y wcze\u015bniej do klubu &#8222;Ligii Obrony Kraju&#8221; &#8211; SP3KWX.<\/p>\n<p>Przemiennik SR0PO zosta\u0142 uruchomiony dnia 8.02.1994. Otwierany by\u0142 trzysekundowym tonem 1750Hz. Zbudowany by\u0142 w oparciu o elementy radiotelefon\u00f3w Radmor. Moc nie przekracza\u0142a wtedy 3 W. Dodatkowo przy konstrukcji zosta\u0142 u\u017cyty duplekser firmy Siemens. W 1999 roku znak przemiennika zosta\u0142 zmieniony na SR3PO.<\/p>\nngg_shortcode_0_placeholder\n<hr>\n<p>Sprz\u0119t radiowy<\/p>\n<hr>\n","protected":false},"excerpt":{"rendered":"<p>Nasz klub po\u0142o\u017cony jest we wschodniej cz\u0119\u015bci Poznania na os. Rusa 135\/48. Lokator JO82LJ, wysoko\u015b\u0107 ok. 80m n.p.m. + 36m n.p.t. Pomieszczenia klubowe znajduj\u0105 si\u0119 na 10 pi\u0119trze, tu\u017c pod antenami. Nasz sprz\u0119t: 70cm &amp; 2m FM: Alinco DR-605, Antena &hellip; <a href=\"https:\/\/www.sp3yor.net\/?page_id=33\">Czytaj dalej <span class=\"meta-nav\">&rarr;<\/span><\/a><\/p>\n","protected":false},"author":1,"featured_media":0,"parent":0,"menu_order":19,"comment_status":"closed","ping_status":"open","template":"","meta":{"ngg_post_thumbnail":0,"footnotes":""},"class_list":["post-33","page","type-page","status-publish","hentry"],"_links":{"self":[{"href":"https:\/\/www.sp3yor.net\/index.php?rest_route=\/wp\/v2\/pages\/33","targetHints":{"allow":["GET"]}}],"collection":[{"href":"https:\/\/www.sp3yor.net\/index.php?rest_route=\/wp\/v2\/pages"}],"about":[{"href":"https:\/\/www.sp3yor.net\/index.php?rest_route=\/wp\/v2\/types\/page"}],"author":[{"embeddable":true,"href":"https:\/\/www.sp3yor.net\/index.php?rest_route=\/wp\/v2\/users\/1"}],"replies":[{"embeddable":true,"href":"https:\/\/www.sp3yor.net\/index.php?rest_route=%2Fwp%2Fv2%2Fcomments&post=33"}],"version-history":[{"count":27,"href":"https:\/\/www.sp3yor.net\/index.php?rest_route=\/wp\/v2\/pages\/33\/revisions"}],"predecessor-version":[{"id":2014,"href":"https:\/\/www.sp3yor.net\/index.php?rest_route=\/wp\/v2\/pages\/33\/revisions\/2014"}],"wp:attachment":[{"href":"https:\/\/www.sp3yor.net\/index.php?rest_route=%2Fwp%2Fv2%2Fmedia&parent=33"}],"curies":[{"name":"wp","href":"https:\/\/api.w.org\/{rel}","templated":true}]}}