{"id":2122,"date":"2026-02-15T20:56:07","date_gmt":"2026-02-15T19:56:07","guid":{"rendered":"https:\/\/www.sp3yor.net\/?page_id=2122"},"modified":"2026-02-15T21:01:58","modified_gmt":"2026-02-15T20:01:58","slug":"lacznosc-kryzysowa","status":"publish","type":"page","link":"https:\/\/www.sp3yor.net\/?page_id=2122","title":{"rendered":"\u0141\u0105czno\u015b\u0107 Kryzysowa"},"content":{"rendered":"\n<p>23. stycznia 2026, Grzegorz SP3VZY przeprowadzi\u0142 w klubie prelekcj\u0119 na temat zasad prowadzenia \u0142\u0105czno\u015bci kryzysowych &#8211; oto <a href=\"https:\/\/www.sp3yor.net\/wp-content\/uploads\/2026\/01\/Lacznosc_kryzysowa.pdf\">prezentacja<\/a>.<\/p>\n\n\n\n<h2 class=\"wp-block-heading\">Raporty z pr\u00f3b<\/h2>\n\n\n\n<details class=\"wp-block-details is-layout-flow wp-block-details-is-layout-flow\"><summary>13.02.2026 20:00 &#8211; SP3VZY, 145,500 MHz<\/summary>\n<div data-wp-interactive=\"core\/file\" class=\"wp-block-file\"><object data-wp-bind--hidden=\"!state.hasPdfPreview\" hidden class=\"wp-block-file__embed\" data=\"https:\/\/www.sp3yor.net\/wp-content\/uploads\/2026\/02\/Test-Lacznosci-Kryzysowej-nr-1-1.pdf\" type=\"application\/pdf\" style=\"width:100%;height:600px\" aria-label=\"Osadzone z Test \u0141a\u0328cznos\u0301ci Kryzysowej nr 1.\"><\/object><a id=\"wp-block-file--media-ef5acb49-92a4-4687-849e-495663031a32\" href=\"https:\/\/www.sp3yor.net\/wp-content\/uploads\/2026\/02\/Test-Lacznosci-Kryzysowej-nr-1-1.pdf\">Test \u0141a\u0328cznos\u0301ci Kryzysowej nr 1<\/a><a href=\"https:\/\/www.sp3yor.net\/wp-content\/uploads\/2026\/02\/Test-Lacznosci-Kryzysowej-nr-1-1.pdf\" class=\"wp-block-file__button wp-element-button\" download aria-describedby=\"wp-block-file--media-ef5acb49-92a4-4687-849e-495663031a32\">Pobierz<\/a><\/div>\n<\/details>\n","protected":false},"excerpt":{"rendered":"<p>23. stycznia 2026, Grzegorz SP3VZY przeprowadzi\u0142 w klubie prelekcj\u0119 na temat zasad prowadzenia \u0142\u0105czno\u015bci kryzysowych &#8211; oto prezentacja. Raporty z pr\u00f3b<\/p>\n","protected":false},"author":3,"featured_media":0,"parent":0,"menu_order":0,"comment_status":"closed","ping_status":"closed","template":"","meta":{"ngg_post_thumbnail":0,"footnotes":""},"class_list":["post-2122","page","type-page","status-publish","hentry"],"_links":{"self":[{"href":"https:\/\/www.sp3yor.net\/index.php?rest_route=\/wp\/v2\/pages\/2122","targetHints":{"allow":["GET"]}}],"collection":[{"href":"https:\/\/www.sp3yor.net\/index.php?rest_route=\/wp\/v2\/pages"}],"about":[{"href":"https:\/\/www.sp3yor.net\/index.php?rest_route=\/wp\/v2\/types\/page"}],"author":[{"embeddable":true,"href":"https:\/\/www.sp3yor.net\/index.php?rest_route=\/wp\/v2\/users\/3"}],"replies":[{"embeddable":true,"href":"https:\/\/www.sp3yor.net\/index.php?rest_route=%2Fwp%2Fv2%2Fcomments&post=2122"}],"version-history":[{"count":3,"href":"https:\/\/www.sp3yor.net\/index.php?rest_route=\/wp\/v2\/pages\/2122\/revisions"}],"predecessor-version":[{"id":2130,"href":"https:\/\/www.sp3yor.net\/index.php?rest_route=\/wp\/v2\/pages\/2122\/revisions\/2130"}],"wp:attachment":[{"href":"https:\/\/www.sp3yor.net\/index.php?rest_route=%2Fwp%2Fv2%2Fmedia&parent=2122"}],"curies":[{"name":"wp","href":"https:\/\/api.w.org\/{rel}","templated":true}]}}