{"id":2,"date":"2011-10-08T13:51:05","date_gmt":"2011-10-08T13:51:05","guid":{"rendered":"http:\/\/www.sp3yor.net\/?page_id=2"},"modified":"2026-04-23T22:02:54","modified_gmt":"2026-04-23T20:02:54","slug":"przykladowa-strona","status":"publish","type":"page","link":"https:\/\/www.sp3yor.net\/?page_id=2","title":{"rendered":"SR3PO &#8211; 70cm"},"content":{"rendered":"<p>Klubowicze reaktywowali przemiennik SR3PO pracuj\u0105cy w pa\u015bmie 70cm.<\/p>\n<table>\n<tbody>\n<tr>\n<td><strong>RX<\/strong><\/td>\n<td><strong>TX<\/strong><\/td>\n<td><strong>Subton<\/strong><\/td>\n<td><strong>Lokator<\/strong><\/td>\n<\/tr>\n<tr>\n<td>439.200 MHz<\/td>\n<td>431.600 MHz<\/td>\n<td>110.9 Hz<\/td>\n<td>JO82KL<\/td>\n<\/tr>\n<\/tbody>\n<\/table>\n<hr>\n<p><strong>Aktualna konfiguracja<\/strong><\/p>\n<table>\n<tbody>\n<tr>\n<td><strong>Odbiornik<\/strong><\/td>\n<td>Motorola GM1200<\/td>\n<\/tr>\n<tr>\n<td><strong>Nadajnik<\/strong><\/td>\n<td>Motorola GM1280<\/td>\n<\/tr>\n<tr>\n<td><strong>Sterownik RPTC<\/strong><\/td>\n<td><a href=\"http:\/\/microsat.com.pl\/product_info.php?products_id=33&amp;osCsid=22f308b0142f3f6bae30c9f409dd3847\" target=\"_blank\" rel=\"noopener\">Sterownik<\/a> wykona\u0142 Krzysztof <a title=\"SQ3FYK\" href=\"http:\/\/sq3fyk.com\" target=\"_blank\" rel=\"noopener\">SQ3FYK<\/a><\/td>\n<\/tr>\n<tr>\n<td><strong>Moc<\/strong><\/td>\n<td>15 W<\/td>\n<\/tr>\n<tr>\n<td><strong>Duplekser<\/strong><\/td>\n<td>6-komorowy SGQ-450D<\/td>\n<\/tr>\n<tr>\n<td><strong>Filtr odbiorczy<\/strong><\/td>\n<td>3-komorowy LBQ-450D<\/td>\n<\/tr>\n<tr>\n<td><strong>Antena<\/strong><\/td>\n<td>Radmor 3284\/3 &#8211; 10,15dBi- 105m npm + 105m npt<br \/>\n<\/tr>\n<tr>\n<td><strong>Kabel<\/strong><\/td>\n<td>ok. 15m CNT-400<\/td>\n<\/tr>\n<tr>\n<td><strong>Zasilanie<\/strong><\/td>\n<td>Zasilacz impulsowy 12 V, 15 A<\/td>\n<\/tr>\n<\/tbody>\n<\/table>\n<hr>\n<p><strong> Operatorzy odpowiedzialni <\/strong><\/p>\n<ul>\n<li>SO3Z &#8211; Andrzej<\/li>\n<li>SP3XBS &#8211; Bartosz<\/li>\n<\/ul>\n<p>Pozwolenie DC.WML.5101.4448.2024.2  kat. 5 wa\u017cne do 2029-07-29<\/p>\n<hr>\n<p><strong>Historia<\/strong><br \/>\nW 2025 wymieniona anten\u0119 na now\u0105 fabryczn\u0105 5,2m d\u0142ug\u0105 Radmor 3284\/3.<br \/>\nDo\u0142o\u017cono filtr3 komorowy, kt\u00f3ry poprawi\u0142 selektywno\u015b\u0107 i wyci\u0105\u0142 LTE420.<br \/>\nSerwis, pomiary i strojenie po raz kolejny przeprowadzi\u0142 Wojciech SP3OKE.<\/p>\n<p>W 2024 po 12 latach pracy na Andersii podj\u0119to decyzj\u0119 o tymczasowym przeniesieniu przemiennika na SLR Pi\u0105tkowo ze wzgl\u0119du na nowy budynek AND2 przys\u0142aniaj\u0105cy dotychczasow\u0105 lokalizacj\u0119.<\/p>\n<p>Prace serwisowe odby\u0142y si\u0119 24.06.2015r. wymienili\u015bmy anten\u0119 (Comet GP93n + triplexer). Przeprogramowali\u015bmy r\u00f3wnie\u017c sterownik.<br \/>\nDzi\u0119ki uprzejmo\u015bci dr. in\u017c. Tomasza Knapika przemiennik obecnie przedstawia si\u0119 jednym z bardziej rozpoznawalnych i charakterystycznych w Polsce g\u0142os\u00f3w.<\/p>\n<p>11.07.2012 Odby\u0142a si\u0119 konserwacja przemiennika, po 2 latach u\u017cytkowania zmierzyli\u015bmy duplekser, SWR toru kablowego, antenowego.<br \/>\nDo\u0142o\u017cyli\u015bmy jumpery wysokiej jako\u015bci wykonane z kabla RG223 oraz wtyk\u00f3w k\u0105towych N i BNC Rosenbergera, dodatkowo do\u0142o\u017cyli\u015bmy odgromnik.<br \/>\nDo zrobienia pozosta\u0142o przeprogramowanie sterownika oraz zmiana konfiguracji motoroli nadawczej kt\u00f3ra nie uruchamia si\u0119 po zaniku zasilania.<\/p>\n<p>Dzi\u0119ki Bartoszowi SP3XBS we roku 2012 przemiennik trafi\u0142 na budynek Andersii.<br \/>\nPrzemiennik przechodzi\u0142 modernizacje i zmiany, pojawi\u0142 si\u0119 nowy sterownik RPTC z mo\u017cliwo\u015bci\u0105 generowania ton\u00f3w, podtrzymania i znamiennika g\u0142osowego.<\/p>\n<p>Przemiennik zosta\u0142 reaktywowany w klubie 9.03.2010 roku, Piotr SQ3XBG (SK), Krzysztof SQ3FYK, Andrzej SO3Z; uruchomili go na dw\u00f3ch antenach X-50 bez dupleksera i motoroli GM1200 i MCS2000. Micha\u0142 SQ3LVJ wraz Krzysztofem SQ3FYK przygotowali nowy sterownik nadaj\u0105cy telegrafi\u0105 znak i dbaj\u0105cy o podtrzymanie.<\/p>\n<p>Przemiennik zosta\u0142 uruchomiony dnia 8.02.1994 pod znakiem SR0PO, dnia 18.10.1999 znak zosta\u0142 zmieniony na SR3PO.<br \/>\nUruchamia\u0142 si\u0119 3 sekundowym tonem 1750 Hz. Zbudowany by\u0142 w oparciu o elementy nadawczo odbiorcze radiotelefon\u00f3w Radmor, odpowiednio przestrojone do potrzeb amatorskich. Moc wyj\u015bciowa nie przekracza\u0142a 3 W. Pracowa\u0142 na antenie dook\u00f3lnej 3x 5\/8 lambda, jaki\u015b czas z wykorzystaniem filtru dupleksowego Siemens.<br \/>\nAntena umieszczona by\u0142a na dachu dziesi\u0119ciopi\u0119trowego budynku, w kt\u00f3rym znajduje si\u0119 klub.<br \/>\nKonstruktorzy przemiennika SR0PO to SP3EFD, SP3CMO (SK), SP3MIZ (SK).<\/p>\n<hr>\n<p><strong>Media<\/strong><\/p>\nngg_shortcode_0_placeholder\n<p><!--\n\n<object width=\"640\" height=\"360\" classid=\"clsid:d27cdb6e-ae6d-11cf-96b8-444553540000\" codebase=\"http:\/\/download.macromedia.com\/pub\/shockwave\/cabs\/flash\/swflash.cab#version=6,0,40,0\"><param name=\"allowFullScreen\" value=\"true\" \/><param name=\"allowScriptAccess\" value=\"always\" \/><param name=\"src\" value=\"http:\/\/www.youtube.com\/v\/es2a4Db1jUc&amp;hl=en_US&amp;feature=player_embedded&amp;version=3\" \/><param name=\"allowfullscreen\" value=\"true\" \/><param name=\"allowscriptaccess\" value=\"always\" \/><embed width=\"640\" height=\"360\" type=\"application\/x-shockwave-flash\" src=\"http:\/\/www.youtube.com\/v\/es2a4Db1jUc&amp;hl=en_US&amp;feature=player_embedded&amp;version=3\" allowFullScreen=\"true\" allowScriptAccess=\"always\" allowfullscreen=\"true\" allowscriptaccess=\"always\" \/><\/object> --><\/p>\n","protected":false},"excerpt":{"rendered":"<p>Klubowicze reaktywowali przemiennik SR3PO pracuj\u0105cy w pa\u015bmie 70cm. RX TX Subton Lokator 439.200 MHz 431.600 MHz 110.9 Hz JO82KL Aktualna konfiguracja Odbiornik Motorola GM1200 Nadajnik Motorola GM1280 Sterownik RPTC Sterownik wykona\u0142 Krzysztof SQ3FYK Moc 15 W Duplekser 6-komorowy SGQ-450D Filtr &hellip; <a href=\"https:\/\/www.sp3yor.net\/?page_id=2\">Czytaj dalej <span class=\"meta-nav\">&rarr;<\/span><\/a><\/p>\n","protected":false},"author":1,"featured_media":0,"parent":117,"menu_order":1,"comment_status":"closed","ping_status":"open","template":"","meta":{"ngg_post_thumbnail":0,"footnotes":""},"class_list":["post-2","page","type-page","status-publish","hentry"],"_links":{"self":[{"href":"https:\/\/www.sp3yor.net\/index.php?rest_route=\/wp\/v2\/pages\/2","targetHints":{"allow":["GET"]}}],"collection":[{"href":"https:\/\/www.sp3yor.net\/index.php?rest_route=\/wp\/v2\/pages"}],"about":[{"href":"https:\/\/www.sp3yor.net\/index.php?rest_route=\/wp\/v2\/types\/page"}],"author":[{"embeddable":true,"href":"https:\/\/www.sp3yor.net\/index.php?rest_route=\/wp\/v2\/users\/1"}],"replies":[{"embeddable":true,"href":"https:\/\/www.sp3yor.net\/index.php?rest_route=%2Fwp%2Fv2%2Fcomments&post=2"}],"version-history":[{"count":46,"href":"https:\/\/www.sp3yor.net\/index.php?rest_route=\/wp\/v2\/pages\/2\/revisions"}],"predecessor-version":[{"id":2156,"href":"https:\/\/www.sp3yor.net\/index.php?rest_route=\/wp\/v2\/pages\/2\/revisions\/2156"}],"up":[{"embeddable":true,"href":"https:\/\/www.sp3yor.net\/index.php?rest_route=\/wp\/v2\/pages\/117"}],"wp:attachment":[{"href":"https:\/\/www.sp3yor.net\/index.php?rest_route=%2Fwp%2Fv2%2Fmedia&parent=2"}],"curies":[{"name":"wp","href":"https:\/\/api.w.org\/{rel}","templated":true}]}}