{"id":1953,"date":"2024-11-24T20:28:57","date_gmt":"2024-11-24T19:28:57","guid":{"rendered":"https:\/\/www.sp3yor.net\/?page_id=1953"},"modified":"2024-12-26T17:20:24","modified_gmt":"2024-12-26T16:20:24","slug":"zakladka-zapasowa-1","status":"publish","type":"page","link":"https:\/\/www.sp3yor.net\/?page_id=1953","title":{"rendered":"Wyniki i podsumowanie Pozna\u0144skiej Pyry 2024"},"content":{"rendered":"\n<p><font _mstmutation=\"1\"><\/font><\/p>\n\n\n\n<p class=\"has-text-align-center\"><strong>Podsumowanie Pozna\u0144skiej Pyry 2024 r.<\/strong><\/p>\n\n\n\n<p class=\"has-text-align-center\">W akcji Dyplomowej wzi\u0119\u0142o udzia\u0142 46 stacji . Zosta\u0142o zrobione i<br>potwierdzone 1615 QSO .<\/p>\n\n\n\n<p class=\"has-text-align-center\">Wylano 25 log\u00f3w .Oto wyniki :<\/p>\n\n\n\n<p class=\"has-text-align-center\"><strong>I miejsce zaj\u0119\u0142y stacje :<\/strong><\/p>\n\n\n\n<p class=\"has-text-align-center\">SP3Q op. KUBA , SP3BOB op. MARCIN , SQ3DZG op. SZYMON , SQ3KQ op.<br>Krzysztof , SP3RAX op. Piotr , SN3PPW stacja klubowa , SP3BKB op. BARTEK<br>, SP3LEO op. PATRYK , SP3LOR op. Krzysztof . SP3CRP op. TOMASZ ,&nbsp; SP3IZN<br>op. Krzysztof , SQ3FLY op. PIOTR .<\/p>\n\n\n\n<p class=\"has-text-align-center\"><strong>Stacje , kt\u00f3re otrzyma\u0142y tytu\u0142 \u0141OWCA LITER :<\/strong><\/p>\n\n\n\n<p class=\"has-text-align-center\">SQ3TGW op. PAWE\u0141 , SP3ODA op. MATEUSZ , SP3ONA op. MAGDA , SP3RTZ op.<br>RAFA\u0141 , SP3APW op.PIOTR , SO3E op. ROBERT , SP3WB op. Wojciech , SP3CET<br>op. W\u0141ADEK , SP3LA op. GRZEGORZ , SP300A op. JANO , SP3TLZ op. BARTEK ,<br>SP3KON op. KONRAD<\/p>\n\n\n\n<p class=\"has-text-align-center\"><strong>Stacje , kt\u00f3re otrzyma\u0142y Dyplom za udzia\u0142 :<\/strong><\/p>\n\n\n\n<p class=\"has-text-align-center\">SP6JEV , SP3MAD op. AMADEUSZ , SP2EOE op. OKTAWIAN .<\/p>\n\n\n\n<p class=\"has-text-align-center\"><strong>Stacje , kt\u00f3re otrzyma\u0142y Dyplom wyr\u00f3\u017cnienie :<\/strong><\/p>\n\n\n\n<p class=\"has-text-align-center\">SQ3KQ op. Krzysztof , SP3LEO op. PATRYK , SP3IZN op. Krzysztof , SQ3FLY<br>op. PIOTR&nbsp; , SP3CET op. W\u0142adek , SP3ONA op. MAGDA .<\/p>\n\n\n\n<p class=\"has-text-align-center\"><font _mstmutation=\"1\" _msttexthash=\"3533413\" _msthash=\"442\">Serdecznie gratuluj\u0119 wszystkim wyr\u00f3\u017cnionym , dzi\u0119kuj\u0119 <\/font>wszystkim za<br>udzia\u0142 i zapraszam na kolejn\u0105 , ju\u017c z nagrodami edycj\u0119 POZNA\u0143SKA PYRA 2025r.<\/p>\n\n\n\n<p class=\"has-text-align-center\">SP3MST op. ZBYSZEK !<\/p>\n","protected":false},"excerpt":{"rendered":"<p>Podsumowanie Pozna\u0144skiej Pyry 2024 r. W akcji Dyplomowej wzi\u0119\u0142o udzia\u0142 46 stacji . Zosta\u0142o zrobione ipotwierdzone 1615 QSO . Wylano 25 log\u00f3w .Oto wyniki : I miejsce zaj\u0119\u0142y stacje : SP3Q op. KUBA , SP3BOB op. MARCIN , SQ3DZG op. &hellip; <a href=\"https:\/\/www.sp3yor.net\/?page_id=1953\">Czytaj dalej <span class=\"meta-nav\">&rarr;<\/span><\/a><\/p>\n","protected":false},"author":7,"featured_media":0,"parent":0,"menu_order":0,"comment_status":"closed","ping_status":"closed","template":"","meta":{"ngg_post_thumbnail":0,"footnotes":""},"class_list":["post-1953","page","type-page","status-publish","hentry"],"_links":{"self":[{"href":"https:\/\/www.sp3yor.net\/index.php?rest_route=\/wp\/v2\/pages\/1953","targetHints":{"allow":["GET"]}}],"collection":[{"href":"https:\/\/www.sp3yor.net\/index.php?rest_route=\/wp\/v2\/pages"}],"about":[{"href":"https:\/\/www.sp3yor.net\/index.php?rest_route=\/wp\/v2\/types\/page"}],"author":[{"embeddable":true,"href":"https:\/\/www.sp3yor.net\/index.php?rest_route=\/wp\/v2\/users\/7"}],"replies":[{"embeddable":true,"href":"https:\/\/www.sp3yor.net\/index.php?rest_route=%2Fwp%2Fv2%2Fcomments&post=1953"}],"version-history":[{"count":5,"href":"https:\/\/www.sp3yor.net\/index.php?rest_route=\/wp\/v2\/pages\/1953\/revisions"}],"predecessor-version":[{"id":2007,"href":"https:\/\/www.sp3yor.net\/index.php?rest_route=\/wp\/v2\/pages\/1953\/revisions\/2007"}],"wp:attachment":[{"href":"https:\/\/www.sp3yor.net\/index.php?rest_route=%2Fwp%2Fv2%2Fmedia&parent=1953"}],"curies":[{"name":"wp","href":"https:\/\/api.w.org\/{rel}","templated":true}]}}