{"id":1943,"date":"2024-11-24T17:43:40","date_gmt":"2024-11-24T16:43:40","guid":{"rendered":"https:\/\/www.sp3yor.net\/?page_id=1943"},"modified":"2024-12-10T16:18:02","modified_gmt":"2024-12-10T15:18:02","slug":"zakladka-zapasowa","status":"publish","type":"page","link":"https:\/\/www.sp3yor.net\/?page_id=1943","title":{"rendered":"<font _mstmutation=\"1\" _msttexthash=\"767637\" _msthash=\"118\">POZNA\u0143SKIE DNI AKTYWNO\u015aCI-WYNIKI<\/font>"},"content":{"rendered":"\n<p class=\"has-text-align-center\"><font _mstmutation=\"1\"><\/font><\/p>\n\n\n\n<hr class=\"wp-block-separator has-alpha-channel-opacity\"\/>\n\n\n\n<p class=\"has-text-align-center\"><strong _msttexthash=\"1446809\" _msthash=\"190\"><mark style=\"background-color:rgba(0, 0, 0, 0);color:#ff0000\" class=\"has-inline-color\">Podsumowanie Pozna\u0144skich dni aktywno\u015bci .<\/mark><\/strong><font _mstmutation=\"1\"><\/font><\/p>\n\n\n\n<p class=\"has-text-align-center\">pa\u017adziernik 8-14 , 21-28\/\u00a0<br><br>1 \/ 28 stacji wzi\u0119\u0142o udzia\u0142<br><br>2\/ wys\u0142anych log\u00f3w &#8211; 12<br><br>3\/ SP3MST stacja prowadz\u0105ca &#8211; 126 QSO<br><br>Stacje potwierdzone &#8211; 491 QSO<\/p>\n\n\n\n<p class=\"has-text-align-center\"><font _mstmutation=\"1\" _msttexthash=\"1346306\" _msthash=\"1218\"><strong><mark style=\"background-color:rgba(0, 0, 0, 0)\" class=\"has-inline-color has-blue-color\">Wszystkim stacjom serdecznie gratulujemy!!<\/mark><\/strong><\/font><br><br><font _mstmutation=\"1\" _msttexthash=\"214747\" _msthash=\"1219\">Klasyfikacja :<\/font><\/p>\n\n\n\n<p class=\"has-text-align-center\"><strong><em>1 Miejsce &#8211; SP3BOB op. MARCIN &#8211; 129Pkt.<\/em><\/strong><\/p>\n\n\n\n<p class=\"has-text-align-center\"><strong><em>2Miejsce &#8211; SQ3FLY op. Piotr &#8211; 123 Pkt.<\/em><\/strong><\/p>\n\n\n\n<p class=\"has-text-align-center\"><strong><em>3 Miejsce &#8211; SQ3KQ op. Krzysztof &#8211; 113 Pkt.<\/em><\/strong><\/p>\n\n\n\n<p class=\"has-text-align-center\">4 Miejsce &#8211; SQ3LEO op. Patryk &#8211; 103 Pkt.<\/p>\n\n\n\n<p class=\"has-text-align-center\">5 Miejsce &#8211; SP3RTZ op. RAFA\u0141 &#8211; 98 Pkt.<\/p>\n\n\n\n<p class=\"has-text-align-center\">6 Miejsce &#8211; SQ3DZG op. Szymon &#8211; 86 Pkt.<\/p>\n\n\n\n<p class=\"has-text-align-center\">7 Miejsce SP3LA op. Grzegorz &#8211; 73 Pkt.<\/p>\n\n\n\n<p class=\"has-text-align-center\">8 Miejsce &#8211; SP3APW op. Piotr &#8211; 67 Pkt.<\/p>\n\n\n\n<p class=\"has-text-align-center\">9 miejsce &#8211; SP3RRE op.. J\u0119drzej &#8211; 39<\/p>\n\n\n\n<p class=\"has-text-align-center\">10 Miejsce -SP3IZN op. Krzysztof &#8211; 34 Pkt.<\/p>\n\n\n\n<p class=\"has-text-align-center\">11 Miejsce &#8211; SP3BPN &#8211; op. Marcin &#8211; 32 Pkt.<\/p>\n\n\n\n<p class=\"has-text-align-center\">12 Miejsce &#8211; SP3BKB op. Bartek -17 Pkt.<\/p>\n\n\n\n<p class=\"has-text-align-center\"><font _mstmutation=\"1\"><\/font><\/p>\n\n\n\n<p><font _mstmutation=\"1\"><\/font><\/p>\n","protected":false},"excerpt":{"rendered":"<p>Podsumowanie Pozna\u0144skich dni aktywno\u015bci . pa\u017adziernik 8-14 , 21-28\/\u00a0 1 \/ 28 stacji wzi\u0119\u0142o udzia\u0142 2\/ wys\u0142anych log\u00f3w &#8211; 12 3\/ SP3MST stacja prowadz\u0105ca &#8211; 126 QSO Stacje potwierdzone &#8211; 491 QSO Wszystkim stacjom serdecznie gratulujemy!! Klasyfikacja : 1 Miejsce &hellip; <a href=\"https:\/\/www.sp3yor.net\/?page_id=1943\">Czytaj dalej <span class=\"meta-nav\">&rarr;<\/span><\/a><\/p>\n","protected":false},"author":7,"featured_media":0,"parent":0,"menu_order":0,"comment_status":"closed","ping_status":"closed","template":"","meta":{"ngg_post_thumbnail":0,"footnotes":""},"class_list":["post-1943","page","type-page","status-publish","hentry"],"_links":{"self":[{"href":"https:\/\/www.sp3yor.net\/index.php?rest_route=\/wp\/v2\/pages\/1943","targetHints":{"allow":["GET"]}}],"collection":[{"href":"https:\/\/www.sp3yor.net\/index.php?rest_route=\/wp\/v2\/pages"}],"about":[{"href":"https:\/\/www.sp3yor.net\/index.php?rest_route=\/wp\/v2\/types\/page"}],"author":[{"embeddable":true,"href":"https:\/\/www.sp3yor.net\/index.php?rest_route=\/wp\/v2\/users\/7"}],"replies":[{"embeddable":true,"href":"https:\/\/www.sp3yor.net\/index.php?rest_route=%2Fwp%2Fv2%2Fcomments&post=1943"}],"version-history":[{"count":7,"href":"https:\/\/www.sp3yor.net\/index.php?rest_route=\/wp\/v2\/pages\/1943\/revisions"}],"predecessor-version":[{"id":1994,"href":"https:\/\/www.sp3yor.net\/index.php?rest_route=\/wp\/v2\/pages\/1943\/revisions\/1994"}],"wp:attachment":[{"href":"https:\/\/www.sp3yor.net\/index.php?rest_route=%2Fwp%2Fv2%2Fmedia&parent=1943"}],"curies":[{"name":"wp","href":"https:\/\/api.w.org\/{rel}","templated":true}]}}