{"id":1903,"date":"2024-11-16T13:29:10","date_gmt":"2024-11-16T12:29:10","guid":{"rendered":"https:\/\/www.sp3yor.net\/?page_id=1903"},"modified":"2024-12-19T10:22:50","modified_gmt":"2024-12-19T09:22:50","slug":"poznan-ukf","status":"publish","type":"page","link":"https:\/\/www.sp3yor.net\/?page_id=1903","title":{"rendered":"Pozna\u0144 UKF"},"content":{"rendered":"\n<p class=\"has-text-align-center\"><font _mstmutation=\"1\"><\/font><\/p>\n\n\n\n<p><font _mstmutation=\"1\"><\/font><img loading=\"lazy\" decoding=\"async\" width=\"450\" height=\"291\" class=\"wp-image-1931\" style=\"width: 450px;\" src=\"https:\/\/www.sp3yor.net\/wp-content\/uploads\/2024\/11\/xbig_prau94edfcef727959.jpg.pagespeed.ic_.vEriA3S5U3.webp\" alt=\"\" srcset=\"https:\/\/www.sp3yor.net\/wp-content\/uploads\/2024\/11\/xbig_prau94edfcef727959.jpg.pagespeed.ic_.vEriA3S5U3.webp 900w, https:\/\/www.sp3yor.net\/wp-content\/uploads\/2024\/11\/xbig_prau94edfcef727959.jpg.pagespeed.ic_.vEriA3S5U3-300x194.webp 300w, https:\/\/www.sp3yor.net\/wp-content\/uploads\/2024\/11\/xbig_prau94edfcef727959.jpg.pagespeed.ic_.vEriA3S5U3-768x497.webp 768w\" sizes=\"auto, (max-width: 450px) 100vw, 450px\" \/><\/p>\n\n\n\n<p><font _mstmutation=\"1\"><\/font><\/p>\n\n\n\n<p class=\"has-text-align-center\"><strong><em>REGULAMIN KONKURSU POWSTANIE WIELKOPOLSKIE<\/em><\/strong><\/p>\n\n\n\n<p class=\"has-text-align-center\">19 &#8211; 31 Grudzie\u0144&nbsp; 2024<\/p>\n\n\n\n<p class=\"has-text-align-center\"><font _mstmutation=\"1\" _msttexthash=\"2921841\" _msthash=\"918\">Nale\u017cy skompletowa\u0107 ca\u0142y ci\u0105g liter sk\u0142adaj\u0105cy si\u0119 na wyrazy <\/font><strong><em><mark style=\"background-color:rgba(0, 0, 0, 0);color:#f60800\" class=\"has-inline-color\">POWSTANIE WIELKOPOLSKIE<\/mark><\/em><\/strong><\/p>\n\n\n\n<p class=\"has-text-align-center\">                                            Stacj\u0105 prowadz\u0105c\u0105 jest SP3MST Zbyszek <\/p>\n\n\n\n<p class=\"has-text-align-center\">1\/ Za ka\u017cd\u0105 \u0142\u0105czno\u015b\u0107 przys\u0142uguje:<\/p>\n\n\n\n<p class=\"has-text-align-center\">a\/ 1 punkt i jedna litera przez \u0142\u0105czno\u015b\u0107 przez przemiennik.<\/p>\n\n\n\n<p class=\"has-text-align-center\">b\/ 2 punkty na kanale&nbsp; directowym.<\/p>\n\n\n\n<p class=\"has-text-align-center\">Je\u017celi s\u0105 dwie lub wi\u0119cej takich samych liter s\u0105 one przydzielane jednocze\u015bnie w tej samej \u0142\u0105czno\u015bci.<\/p>\n\n\n\n<p class=\"has-text-align-center\">2\/ Wygrywa ta stacja , kt\u00f3ra skompletuje komplet liter i zdob\u0119dzie najwi\u0119cej punkt\u00f3w . <\/p>\n\n\n\n<p class=\"has-text-align-center\">Po zdobyciu liter mo\u017cemy nadal zdobywa\u0107 punkty .<\/p>\n\n\n\n<p class=\"has-text-align-center\">3\/ \u0141\u0105czno\u015bci robimy w pa\u015bmie 2m i 70 cm.<\/p>\n\n\n\n<p class=\"has-text-align-center\"><font _mstmutation=\"1\" _msttexthash=\"233155\" _msthash=\"104\"><strong _msttexthash=\"233155\" _msthash=\"201\" _mstmutation=\"1\" _istranslated=\"1\"> <em _msttexthash=\"187174\" _msthash=\"189\">145.475  oraz 433.<\/em><\/strong><\/font><strong>500<\/strong><\/p>\n\n\n\n<p class=\"has-text-align-center\"><strong><em>PRZEMIENNIKI SR3X, SR3P, SR3PO, SR3PX, SR3PB<\/em><\/strong><\/p>\n\n\n\n<p class=\"has-text-align-center\">Punkty mo\u017cemy zebra\u0107 na 2 sesjach, rano od godziny 10 do 11.30, oraz <\/p>\n\n\n\n<p class=\"has-text-align-center\">wieczorem od godziny 20 do 21.30<font _mstmutation=\"1\"><\/font><\/p>\n\n\n\n<p class=\"has-text-align-center\">4\/ Konkurs trwa od 19 grudnia i ko\u0144czy si\u0119 31 grudnia o godzinie 20 !<\/p>\n\n\n\n<p class=\"has-text-align-center\">5\/ Ka\u017cda stacja, kt\u00f3ra zrobi cho\u0107 jedn\u0105 \u0142\u0105czno\u015b\u0107 i zdob\u0119dzie cho\u0107 jedn\u0105 liter\u0119 i wy\u015ble log, otrzyma pami\u0105tkowy dyplom .<\/p>\n\n\n\n<p class=\"has-text-align-center\">6\/ \u0141\u0105czno\u015bci logujemy w czasie lokalnym .<\/p>\n\n\n\n<p class=\"has-text-align-center\">Wsp\u00f3\u0142zawodnictwo toczy si\u0119 o&nbsp; okoliczno\u015bciowe <strong><em>DYPLOMY<\/em><\/strong> !<\/p>\n\n\n\n<p class=\"has-text-align-center\">Wyci\u0105gi z log\u00f3w wysy\u0142amy na adres&nbsp;<a href=\"mailto:brozi@brozi.pl\">brozi@brozi.pl<\/a>&nbsp;do 15 stycznia 2025r.<\/p>\n\n\n\n<p class=\"has-text-align-center\"><font _mstmutation=\"1\" _msttexthash=\"9505119\" _msthash=\"111\">Organizator ma prawo wprowadzi\u0107 <strong _mstmutation=\"1\" _istranslated=\"1\"><em _istranslated=\"1\"><mark _istranslated=\"1\" style=\"background-color:rgba(0, 0, 0, 0);color:#f80000\" class=\"has-inline-color\">JOKERA<\/mark><\/em><\/strong><font _mstmutation=\"1\" _msttexthash=\"568412\" _msthash=\"1679\" _istranslated=\"1\"> w czasie trwania konkursu<\/font>. <br>. <br><font _mstmutation=\"1\" _msttexthash=\"1317121\" _msthash=\"1298\" _istranslated=\"1\">Joker mo\u017ce przyzna\u0107 brakuj\u0105c\u0105 liter\u0119<\/font><font _mstmutation=\"1\" _msttexthash=\"16224\" _msthash=\"1325\" _istranslated=\"1\"> (y<\/font>) <font _mstmutation=\"1\" _msttexthash=\"9828\" _msthash=\"1298\" _istranslated=\"1\">l<\/font><font _mstmutation=\"1\" _msttexthash=\"197223\" _msthash=\"1308\" _istranslated=\"1\">ub 7 punkt\u00f3w .<\/font><\/font><\/p>\n\n\n\n<p><font _mstmutation=\"1\"><\/font><\/p>\n\n\n\n<p class=\"has-text-align-center\"><font _mstmutation=\"1\" _msttexthash=\"98294729\" _msthash=\"1237\"><strong><em _msttexthash=\"98824427\" _msthash=\"367\">Poni\u017cej znajduje si\u0119 instrukcja jak u\u017cy\u0107 LOG&#8217;u do u\u0142atwienia logowania naszych \u0142\u0105czno\u015bci. Chcia\u0142<\/em><em>b<\/em><em _msttexthash=\"1745874\" _msthash=\"367\">ym, \u017ceby stacje bior\u0105ce udzia\u0142 wysy\u0142a\u0142y logi<\/em><\/strong><\/font> <font _mstmutation=\"1\" _msttexthash=\"98294729\" _msthash=\"1237\"><strong><em _msttexthash=\"42515655\" _msthash=\"367\">emailem w tym formacie, dzi\u0119ki czemu b\u0119dziemy mogli szybko zweryfikowa\u0107 zdobyte litery i liczb\u0119 punkt\u00f3w. Dodatkowo w logu wymagane jest wpisanie adresu email co u\u0142atwi wysy\u0142k\u0119 dyplom\u00f3w. Powinno to znacznie u\u0142atwi\u0107 robot\u0119 i zaoszcz\u0119dzi\u0107 czas na obr\u00f3bk\u0119 wynik\u00f3w.<\/em><\/strong><\/font><font _mstmutation=\"1\"><\/font><\/p>\n\n\n\n<p><font _mstmutation=\"1\"><\/font><\/p>\n\n\n\n<div data-wp-interactive=\"core\/file\" class=\"wp-block-file aligncenter\"><object data-wp-bind--hidden=\"!state.hasPdfPreview\" hidden class=\"wp-block-file__embed\" data=\"https:\/\/www.sp3yor.net\/wp-content\/uploads\/2024\/12\/Instrukcja-do-logu-Powstanie-Wielkopolskie-4.pdf\" type=\"application\/pdf\" style=\"width:100%;height:600px\" aria-label=\"Osadzone z Instrukcja-do-logu-Powstanie-Wielkopolskie-4.\"><\/object><a id=\"wp-block-file--media-0ca69d36-673d-4b80-ae4e-db6213d7fe95\" href=\"https:\/\/www.sp3yor.net\/wp-content\/uploads\/2024\/12\/Instrukcja-do-logu-Powstanie-Wielkopolskie-4.pdf\">Instrukcja-do-logu-Powstanie-Wielkopolskie-4<\/a><a href=\"https:\/\/www.sp3yor.net\/wp-content\/uploads\/2024\/12\/Instrukcja-do-logu-Powstanie-Wielkopolskie-4.pdf\" class=\"wp-block-file__button wp-element-button\" download aria-describedby=\"wp-block-file--media-0ca69d36-673d-4b80-ae4e-db6213d7fe95\">Pobiera\u0107<\/a><\/div>\n\n\n\n<div class=\"wp-block-file aligncenter\"><a id=\"wp-block-file--media-2b241331-f3aa-4d27-8583-0f8676ef3db7\" href=\"https:\/\/www.sp3yor.net\/wp-content\/uploads\/2024\/12\/LOG-Powstanie-Wielkopolskie-2024.xlsx\">LOG Powstanie Wielkopolskie 2024<\/a><a href=\"https:\/\/www.sp3yor.net\/wp-content\/uploads\/2024\/12\/LOG-Powstanie-Wielkopolskie-2024.xlsx\" class=\"wp-block-file__button wp-element-button\" download aria-describedby=\"wp-block-file--media-2b241331-f3aa-4d27-8583-0f8676ef3db7\">Download<\/a><\/div>\n","protected":false},"excerpt":{"rendered":"<p>REGULAMIN KONKURSU POWSTANIE WIELKOPOLSKIE 19 &#8211; 31 Grudzie\u0144&nbsp; 2024 Nale\u017cy skompletowa\u0107 ca\u0142y ci\u0105g liter sk\u0142adaj\u0105cy si\u0119 na wyrazy POWSTANIE WIELKOPOLSKIE Stacj\u0105 prowadz\u0105c\u0105 jest SP3MST Zbyszek 1\/ Za ka\u017cd\u0105 \u0142\u0105czno\u015b\u0107 przys\u0142uguje: a\/ 1 punkt i jedna litera przez \u0142\u0105czno\u015b\u0107 przez przemiennik. &hellip; <a href=\"https:\/\/www.sp3yor.net\/?page_id=1903\">Czytaj dalej <span class=\"meta-nav\">&rarr;<\/span><\/a><\/p>\n","protected":false},"author":7,"featured_media":0,"parent":0,"menu_order":0,"comment_status":"closed","ping_status":"closed","template":"","meta":{"ngg_post_thumbnail":0,"footnotes":""},"class_list":["post-1903","page","type-page","status-publish","hentry"],"_links":{"self":[{"href":"https:\/\/www.sp3yor.net\/index.php?rest_route=\/wp\/v2\/pages\/1903","targetHints":{"allow":["GET"]}}],"collection":[{"href":"https:\/\/www.sp3yor.net\/index.php?rest_route=\/wp\/v2\/pages"}],"about":[{"href":"https:\/\/www.sp3yor.net\/index.php?rest_route=\/wp\/v2\/types\/page"}],"author":[{"embeddable":true,"href":"https:\/\/www.sp3yor.net\/index.php?rest_route=\/wp\/v2\/users\/7"}],"replies":[{"embeddable":true,"href":"https:\/\/www.sp3yor.net\/index.php?rest_route=%2Fwp%2Fv2%2Fcomments&post=1903"}],"version-history":[{"count":30,"href":"https:\/\/www.sp3yor.net\/index.php?rest_route=\/wp\/v2\/pages\/1903\/revisions"}],"predecessor-version":[{"id":2001,"href":"https:\/\/www.sp3yor.net\/index.php?rest_route=\/wp\/v2\/pages\/1903\/revisions\/2001"}],"wp:attachment":[{"href":"https:\/\/www.sp3yor.net\/index.php?rest_route=%2Fwp%2Fv2%2Fmedia&parent=1903"}],"curies":[{"name":"wp","href":"https:\/\/api.w.org\/{rel}","templated":true}]}}