{"id":167,"date":"2012-09-30T12:56:20","date_gmt":"2012-09-30T11:56:20","guid":{"rendered":"http:\/\/www.sp3yor.net\/?page_id=167"},"modified":"2019-02-21T16:50:26","modified_gmt":"2019-02-21T15:50:26","slug":"sr3lx","status":"publish","type":"page","link":"https:\/\/www.sp3yor.net\/?page_id=167","title":{"rendered":"SR3PO &#8211; 23cm"},"content":{"rendered":"<p>Przemiennik 23cm w Poznaniu, w kt\u00f3rym sw\u00f3j udzia\u0142 maj\u0105 klubowicze SP3YOR oraz SP3YEE.<br \/>\nSkonstruowa\u0142 go Andrzej SP8XXN.<\/p>\n<table>\n<tbody>\n<tr>\n<td><strong>TX<\/strong><\/td>\n<td><strong>RX<\/strong><\/td>\n<td><strong>Subton<\/strong><\/td>\n<td><strong>Lokator<\/strong><\/td>\n<\/tr>\n<tr>\n<td>1298.400 MHz<\/td>\n<td>1270.400 MHz<\/td>\n<td><\/td>\n<td>JO82LJ<\/td>\n<\/tr>\n<\/tbody>\n<\/table>\n<hr \/>\n<p><strong>Aktualna konfiguracja<\/strong><\/p>\n<table>\n<tbody>\n<tr>\n<td><strong>Nadajnik<\/strong><\/td>\n<td>Kenwood TR-50<\/td>\n<\/tr>\n<tr>\n<td><strong>Odbiornik<\/strong><\/td>\n<td>Yaesu FT-911<\/td>\n<\/tr>\n<tr>\n<td><strong>Przedwzmacniacz RX<\/strong><\/td>\n<td>wykona\u0142 SP8XXN<br \/>\nwzmocnienie +19dB, NF 0.5dB\n<\/td>\n<\/tr>\n<tr>\n<td><strong>filtry<\/strong><\/td>\n<td>2 filtry odbiorcze, przed i za przedwzmacniaczem<br \/>\n1 filtr nadawczy<\/td>\n<\/tr>\n<tr>\n<td><strong>Wzmacniacz TX<\/strong><\/td>\n<td>wg SP9WY @13,8V\n<\/td>\n<\/tr>\n<tr>\n<td><strong>Moc<\/strong><\/td>\n<td>10 W\n<\/td>\n<\/tr>\n<tr>\n<td><strong>Sterownik<\/strong><\/td>\n<td>sq3fyk<\/td>\n<\/tr>\n<tr>\n<td><strong>Duplekser<\/strong><\/td>\n<td>brak &#8211; u\u017cyty cyrkulator i 3 filtry pasmowe<\/td>\n<\/tr>\n<tr>\n<td><strong>Antena<\/strong><\/td>\n<td>Comet GP-93 6&#215;5\/8\u03bb  10dBi<\/td>\n<\/tr>\n<tr>\n<td><strong>Kabel<\/strong><\/td>\n<td>7\/8&#8243; oko\u0142o 40m<\/td>\n<\/tr>\n<tr>\n<td><strong>Zasilanie<\/strong><\/td>\n<td>Zasilacz 13,8V 10A<\/td>\n<\/tr>\n<\/tbody>\n<\/table>\n<hr \/>\n<p><strong> Operatorzy odpowiedzialni <\/strong><\/p>\n<ul>\n<li>Andrzej SO3Z, Bartosz SP3XBS<\/li>\n<\/ul>\n<hr \/>\n<p><strong>Historia<\/strong><\/p>\n<p>Przemiennik zosta\u0142 uruchomiony  dzi\u0119ki Kolegom SP8XXN, SQ8JMD, SQ3FYK, SP3VSS, SQ3MKP, SQ3MKT, SQ3KCA, SP3LOZ, SP3XBS&#8230; kto jeszcze ?<br \/>\nPosiadamy jeszcze dwa odbiorniki, kt\u00f3re planujemy kiedy\u015b uruchomi\u0107 z SVXlinkiem jako dodatkowe odbiorniki na terenie miasta.<\/p>\n<hr \/>\n","protected":false},"excerpt":{"rendered":"<p>Przemiennik 23cm w Poznaniu, w kt\u00f3rym sw\u00f3j udzia\u0142 maj\u0105 klubowicze SP3YOR oraz SP3YEE. Skonstruowa\u0142 go Andrzej SP8XXN. TX RX Subton Lokator 1298.400 MHz 1270.400 MHz JO82LJ Aktualna konfiguracja Nadajnik Kenwood TR-50 Odbiornik Yaesu FT-911 Przedwzmacniacz RX wykona\u0142 SP8XXN wzmocnienie +19dB, &hellip; <a href=\"https:\/\/www.sp3yor.net\/?page_id=167\">Czytaj dalej <span class=\"meta-nav\">&rarr;<\/span><\/a><\/p>\n","protected":false},"author":1,"featured_media":0,"parent":117,"menu_order":0,"comment_status":"closed","ping_status":"open","template":"","meta":{"ngg_post_thumbnail":0,"footnotes":""},"class_list":["post-167","page","type-page","status-publish","hentry"],"_links":{"self":[{"href":"https:\/\/www.sp3yor.net\/index.php?rest_route=\/wp\/v2\/pages\/167","targetHints":{"allow":["GET"]}}],"collection":[{"href":"https:\/\/www.sp3yor.net\/index.php?rest_route=\/wp\/v2\/pages"}],"about":[{"href":"https:\/\/www.sp3yor.net\/index.php?rest_route=\/wp\/v2\/types\/page"}],"author":[{"embeddable":true,"href":"https:\/\/www.sp3yor.net\/index.php?rest_route=\/wp\/v2\/users\/1"}],"replies":[{"embeddable":true,"href":"https:\/\/www.sp3yor.net\/index.php?rest_route=%2Fwp%2Fv2%2Fcomments&post=167"}],"version-history":[{"count":19,"href":"https:\/\/www.sp3yor.net\/index.php?rest_route=\/wp\/v2\/pages\/167\/revisions"}],"predecessor-version":[{"id":756,"href":"https:\/\/www.sp3yor.net\/index.php?rest_route=\/wp\/v2\/pages\/167\/revisions\/756"}],"up":[{"embeddable":true,"href":"https:\/\/www.sp3yor.net\/index.php?rest_route=\/wp\/v2\/pages\/117"}],"wp:attachment":[{"href":"https:\/\/www.sp3yor.net\/index.php?rest_route=%2Fwp%2Fv2%2Fmedia&parent=167"}],"curies":[{"name":"wp","href":"https:\/\/api.w.org\/{rel}","templated":true}]}}