{"id":1455,"date":"2022-09-22T11:08:28","date_gmt":"2022-09-22T10:08:28","guid":{"rendered":"https:\/\/www.sp3yor.net\/?page_id=1455"},"modified":"2024-06-12T21:19:31","modified_gmt":"2024-06-12T20:19:31","slug":"narzedzia-i-linki","status":"publish","type":"page","link":"https:\/\/www.sp3yor.net\/?page_id=1455","title":{"rendered":"Narz\u0119dzia i linki"},"content":{"rendered":"\n<ul class=\"wp-block-list\">\n<li><a href=\"https:\/\/sat.sp3yor.net\/\">https:\/\/sat.sp3yor.net\/<\/a> &#8211; strona wyznaczaj\u0105ca przeloty satelit\u00f3w amatorskich. Kod \u017ar\u00f3d\u0142owy dost\u0119pny <a href=\"https:\/\/github.com\/olgierd\/sat-predictor\">na githubie.<\/a><\/li>\n\n\n\n<li><a href=\"https:\/\/olgierd.github.io\/coaxcalculator\/\">https:\/\/olgierd.github.io\/coaxcalculator\/<\/a> &#8211; kalkulator strat na popularnych kablach koncentrycznych. Brakuje Twojego ulubionego kabla? Kod jest <a href=\"https:\/\/github.com\/olgierd\/coaxcalculator\">na githubie \ud83d\ude42<\/a><\/li>\n\n\n\n<li><a href=\"https:\/\/github.com\/olgierd\/portable-yagi-clamps\">https:\/\/github.com\/olgierd\/portable-yagi-clamps<\/a> &#8211; drukowalne uchwyty do przerabiania rurek PVC na anteny Yagi<\/li>\n\n\n\n<li><a href=\"https:\/\/github.com\/olgierd\/ad8317_powermeter\">https:\/\/github.com\/olgierd\/ad8317_powermeter<\/a> &#8211; miernik mocy RF oparty o modu\u0142 AD8317<\/li>\n\n\n\n<li><a href=\"https:\/\/github.com\/olgierd\/yagi_designer\">https:\/\/github.com\/olgierd\/yagi_designer<\/a> &#8211; prosta graficzna nak\u0142adka na nec2c do szybkiej symulacji i poprawek w antenach Yagi<\/li>\n\n\n\n<li><a href=\"https:\/\/github.com\/olgierd\/pd120_tx\/\">https:\/\/github.com\/olgierd\/pd120_tx\/<\/a> &#8211; napisany w Pythonie generator SSTV w formacie PD120, czyta jpg, wypluwa .wav<\/li>\n\n\n\n<li><a href=\"https:\/\/qth.sp3yor.net\/\">https:\/\/qth.sp3yor.net\/<\/a> &#8211; strona pokazuj\u0105ca aktualny QTH locator<\/li>\n<\/ul>\n\n\n\n<h2 class=\"wp-block-heading\">Warte przeczytania<\/h2>\n\n\n\n<ul class=\"wp-block-list\">\n<li><a href=\"http:\/\/lea.hamradio.si\/~s53mv\/\">http:\/\/lea.hamradio.si\/~s53mv\/<\/a> &#8211; kopalnia wiedzy o mikrofalach: filtry, transceivery, anteny, urz\u0105dzenia pomiarowe DIY<\/li>\n\n\n\n<li><a href=\"https:\/\/www.sm5bsz.com\/\">https:\/\/www.sm5bsz.com\/<\/a> &#8211; du\u017co informacji o radiotechnice, szumie, odbiornikach, antenach, przedwzmacniaczach; bardzo warto\u015bciowa strona<\/li>\n<\/ul>\n","protected":false},"excerpt":{"rendered":"<p>Warte przeczytania<\/p>\n","protected":false},"author":3,"featured_media":0,"parent":0,"menu_order":0,"comment_status":"closed","ping_status":"closed","template":"","meta":{"ngg_post_thumbnail":0,"footnotes":""},"class_list":["post-1455","page","type-page","status-publish","hentry"],"_links":{"self":[{"href":"https:\/\/www.sp3yor.net\/index.php?rest_route=\/wp\/v2\/pages\/1455","targetHints":{"allow":["GET"]}}],"collection":[{"href":"https:\/\/www.sp3yor.net\/index.php?rest_route=\/wp\/v2\/pages"}],"about":[{"href":"https:\/\/www.sp3yor.net\/index.php?rest_route=\/wp\/v2\/types\/page"}],"author":[{"embeddable":true,"href":"https:\/\/www.sp3yor.net\/index.php?rest_route=\/wp\/v2\/users\/3"}],"replies":[{"embeddable":true,"href":"https:\/\/www.sp3yor.net\/index.php?rest_route=%2Fwp%2Fv2%2Fcomments&post=1455"}],"version-history":[{"count":6,"href":"https:\/\/www.sp3yor.net\/index.php?rest_route=\/wp\/v2\/pages\/1455\/revisions"}],"predecessor-version":[{"id":1805,"href":"https:\/\/www.sp3yor.net\/index.php?rest_route=\/wp\/v2\/pages\/1455\/revisions\/1805"}],"wp:attachment":[{"href":"https:\/\/www.sp3yor.net\/index.php?rest_route=%2Fwp%2Fv2%2Fmedia&parent=1455"}],"curies":[{"name":"wp","href":"https:\/\/api.w.org\/{rel}","templated":true}]}}