{"id":12,"date":"2011-10-08T15:51:22","date_gmt":"2011-10-08T15:51:22","guid":{"rendered":"http:\/\/www.sp3yor.net\/?page_id=12"},"modified":"2013-10-07T12:15:01","modified_gmt":"2013-10-07T11:15:01","slug":"kontaktdojazd","status":"publish","type":"page","link":"https:\/\/www.sp3yor.net\/?page_id=12","title":{"rendered":"Kontakt"},"content":{"rendered":"<p>Kontakt radiowy na przemienniku <strong>SR3PO<\/strong> (ton 110.9 Hz).<\/p>\n<hr \/>\n<p>Klub znajduje si\u0119 w Poznaniu na Osiedlu Rusa, klatka 135 w lokalu nr 48 (10-te pi\u0119tro).<br \/>\nJest to dziesi\u0119ciopi\u0119trowy, bardzo d\u0142ugi blok naprzeciw centrum handlowego M1 i szpitala.<br \/>\nDogodny dojazd autobusem i tramwajem (przystanek Pia\u015bnicka-Kurlandzka).<\/p>\n<p style=\"text-align: center;\"><strong>Zapraszamy w pi\u0105tki po godzinie 17:00.<\/strong><\/p>\n<hr \/>\n<p style=\"text-align: left;\">Kontakt mailowy : <strong>sp3yor@gmail.com<\/strong><\/p>\n<hr \/>\n<p style=\"text-align: center;\">Zobacz jak dojecha\u0107 do naszego klubu na poznan.jakdojade.pl<br \/>\n<iframe loading=\"lazy\" src=\"http:\/\/jakdojade.pl\/pages\/mapWidget.html?tn=Klub%20SP3YOR&amp;td=os.%20Rusa%20135&amp;cid=3&amp;tc=52.389875:16.990228\" frameborder=\"0\" marginwidth=\"0\" marginheight=\"0\" scrolling=\"no\" width=\"425\" height=\"350\"><\/iframe><\/p>\n","protected":false},"excerpt":{"rendered":"<p>Kontakt radiowy na przemienniku SR3PO (ton 110.9 Hz). Klub znajduje si\u0119 w Poznaniu na Osiedlu Rusa, klatka 135 w lokalu nr 48 (10-te pi\u0119tro). Jest to dziesi\u0119ciopi\u0119trowy, bardzo d\u0142ugi blok naprzeciw centrum handlowego M1 i szpitala. Dogodny dojazd autobusem i &hellip; <a href=\"https:\/\/www.sp3yor.net\/?page_id=12\">Czytaj dalej <span class=\"meta-nav\">&rarr;<\/span><\/a><\/p>\n","protected":false},"author":1,"featured_media":0,"parent":0,"menu_order":0,"comment_status":"closed","ping_status":"open","template":"","meta":{"ngg_post_thumbnail":0,"footnotes":""},"class_list":["post-12","page","type-page","status-publish","hentry"],"_links":{"self":[{"href":"https:\/\/www.sp3yor.net\/index.php?rest_route=\/wp\/v2\/pages\/12","targetHints":{"allow":["GET"]}}],"collection":[{"href":"https:\/\/www.sp3yor.net\/index.php?rest_route=\/wp\/v2\/pages"}],"about":[{"href":"https:\/\/www.sp3yor.net\/index.php?rest_route=\/wp\/v2\/types\/page"}],"author":[{"embeddable":true,"href":"https:\/\/www.sp3yor.net\/index.php?rest_route=\/wp\/v2\/users\/1"}],"replies":[{"embeddable":true,"href":"https:\/\/www.sp3yor.net\/index.php?rest_route=%2Fwp%2Fv2%2Fcomments&post=12"}],"version-history":[{"count":15,"href":"https:\/\/www.sp3yor.net\/index.php?rest_route=\/wp\/v2\/pages\/12\/revisions"}],"predecessor-version":[{"id":18,"href":"https:\/\/www.sp3yor.net\/index.php?rest_route=\/wp\/v2\/pages\/12\/revisions\/18"}],"wp:attachment":[{"href":"https:\/\/www.sp3yor.net\/index.php?rest_route=%2Fwp%2Fv2%2Fmedia&parent=12"}],"curies":[{"name":"wp","href":"https:\/\/api.w.org\/{rel}","templated":true}]}}